{"id":2089,"date":"2025-10-22T03:32:35","date_gmt":"2025-10-22T03:32:35","guid":{"rendered":"https:\/\/jaureguiandco.com\/home-2\/"},"modified":"2025-12-08T21:12:29","modified_gmt":"2025-12-08T21:12:29","slug":"home-2","status":"publish","type":"page","link":"https:\/\/jaureguiandco.com\/es\/","title":{"rendered":"Jauregui and Co."},"content":{"rendered":"<div style=\"height:179px\" aria-hidden=\"true\" class=\"wp-block-spacer\"><\/div>\n\n\n\n<div class=\"wp-block-uagb-image uagb-block-09ec94c2 wp-block-uagb-image--layout-default wp-block-uagb-image--effect-static wp-block-uagb-image--align-none uag-hide-desktop\"><figure class=\"wp-block-uagb-image__figure\"><img decoding=\"async\" srcset=\"https:\/\/jaureguiandco.com\/wp-content\/uploads\/2025\/10\/englishlogo-1-1024x683.jpg ,https:\/\/jaureguiandco.com\/wp-content\/uploads\/2025\/10\/englishlogo-1.jpg 780w, https:\/\/jaureguiandco.com\/wp-content\/uploads\/2025\/10\/englishlogo-1-1024x683.jpg 360w\" sizes=\"auto, (max-width: 480px) 150px\" src=\"https:\/\/jaureguiandco.com\/wp-content\/uploads\/2025\/10\/englishlogo-1-1024x683.jpg\" alt=\"englishlogo\" class=\"uag-image-2897\" width=\"1024\" height=\"683\" title=\"englishlogo\" loading=\"lazy\" role=\"img\"\/><\/figure><\/div>\n\n\n\n<div class=\"wp-block-uagb-container uagb-layout-grid uagb-block-9e299122 alignfull uagb-is-root-container\"><div class=\"uagb-container-inner-blocks-wrap\">\n<div class=\"wp-block-group is-nowrap is-layout-flex wp-container-core-group-is-layout-6c531013 wp-block-group-is-layout-flex\">\n<figure class=\"wp-block-image size-full is-resized\"><img loading=\"lazy\" decoding=\"async\" width=\"720\" height=\"480\" src=\"https:\/\/jaureguiandco.com\/wp-content\/uploads\/2025\/11\/Untitled-design-9.png\" alt=\"untitled design (9)\" class=\"wp-image-2926\" style=\"width:591px;height:auto\" title=\"Jauregui and Co.\" srcset=\"https:\/\/jaureguiandco.com\/wp-content\/uploads\/2025\/11\/Untitled-design-9.png 720w, https:\/\/jaureguiandco.com\/wp-content\/uploads\/2025\/11\/Untitled-design-9-300x200.png 300w, https:\/\/jaureguiandco.com\/wp-content\/uploads\/2025\/11\/Untitled-design-9-600x400.png 600w\" sizes=\"auto, (max-width: 720px) 100vw, 720px\" \/><\/figure>\n<\/div>\n\n\n\n<div class=\"wp-block-uagb-advanced-heading uagb-block-38d557ea\"><h3 class=\"uagb-heading-text\">Impresiones Personalizadas. Inspiradas en la Fe.<\/h3><div class=\"uagb-separator\"><\/div><\/div>\n<\/div><\/div>\n\n\n\n<div class=\"wp-block-uagb-container uagb-block-08cef606 alignfull uagb-is-root-container\"><div class=\"uagb-container-inner-blocks-wrap\">\n<div class=\"wp-block-uagb-info-box uagb-block-1228455c uagb-infobox__content-wrap  uagb-infobox-icon-above-title uagb-infobox-image-valign-top\"><div class=\"uagb-ifb-content\"><div class=\"uagb-ifb-image-content\"><img decoding=\"async\" src=\"https:\/\/jaureguiandco.com\/wp-content\/uploads\/2025\/11\/Untitled-design-13-1.png\" alt=\"untitled design (13)\" width=\"550\" height=\"604\" loading=\"lazy\" title=\"Jauregui and Co.\"><\/div><div class=\"uagb-ifb-title-wrap\"><span class=\"uagb-ifb-title-prefix\">Dise\u00f1os de Coraz\u00f3n<\/span><h5 class=\"uagb-ifb-title\">Camisetas Personalizadas para Tu Familia<\/h5><\/div><\/div><\/div>\n\n\n\n<div class=\"wp-block-uagb-info-box uagb-block-2229438b uagb-infobox__content-wrap  uagb-infobox-icon-below-title uagb-infobox-image-valign-top\"><div class=\"uagb-ifb-content\"><div class=\"uagb-ifb-title-wrap\"><span class=\"uagb-ifb-title-prefix\">Da a Conocer Tus Ideas<\/span><h5 class=\"uagb-ifb-title\">\u00a1Personaliza por Diversi\u00f3n!<\/h5><\/div><div class=\"uagb-ifb-image-content\"><img decoding=\"async\" src=\"https:\/\/jaureguiandco.com\/wp-content\/uploads\/2025\/11\/Untitled-design-12.png\" alt=\"untitled design (12)\" width=\"550\" height=\"604\" loading=\"lazy\" title=\"Jauregui and Co.\"><\/div><\/div><\/div>\n\n\n\n<div class=\"wp-block-uagb-info-box uagb-block-c8949611 uagb-infobox__content-wrap  uagb-infobox-icon-above-title uagb-infobox-image-valign-top\"><div class=\"uagb-ifb-content\"><div class=\"uagb-ifb-image-content\"><img decoding=\"async\" src=\"https:\/\/jaureguiandco.com\/wp-content\/uploads\/2025\/11\/Untitled-design-11.png\" alt=\"untitled design (11)\" width=\"550\" height=\"604\" loading=\"lazy\" title=\"Jauregui and Co.\"><\/div><div class=\"uagb-ifb-title-wrap\"><span class=\"uagb-ifb-title-prefix\">Personaliza para Tu Empresa<\/span><h5 class=\"uagb-ifb-title\">\u00a1Sudaderas Personalizadas Disponibles Tambi\u00e9n!<\/h5><\/div><\/div><\/div>\n<\/div><\/div>\n\n\n\n<div class=\"wp-block-uagb-container uagb-block-2ad67de5 alignfull uagb-is-root-container\"><div class=\"uagb-container-inner-blocks-wrap\">\n<div class=\"wp-block-uagb-advanced-heading uagb-block-c9e149af\"><h3 class=\"uagb-heading-text\">Productos M\u00e1s Queridos<\/h3><div class=\"uagb-separator\"><\/div><\/div>\n\n\n<div class=\"woocommerce columns-4\"><ul class=\"products columns-4\">\n<li class=\"desktop-align-center tablet-align-center mobile-align-center product type-product post-3028 status-publish first instock product_cat-customized has-post-thumbnail shipping-taxable purchasable product-type-variable has-default-attributes\">\n\t<a href=\"https:\/\/jaureguiandco.com\/es\/producto\/canvas-tote-bag\/\" class=\"woocommerce-LoopProduct-link woocommerce-loop-product__link\"><img loading=\"lazy\" decoding=\"async\" width=\"300\" height=\"300\" src=\"https:\/\/jaureguiandco.com\/wp-content\/uploads\/2025\/11\/Untitled-design-17-300x300.png\" class=\"attachment-woocommerce_thumbnail size-woocommerce_thumbnail\" alt=\"canvas tote bag\" srcset=\"https:\/\/jaureguiandco.com\/wp-content\/uploads\/2025\/11\/Untitled-design-17-300x300.png 300w, https:\/\/jaureguiandco.com\/wp-content\/uploads\/2025\/11\/Untitled-design-17-150x150.png 150w, https:\/\/jaureguiandco.com\/wp-content\/uploads\/2025\/11\/Untitled-design-17-11x12.png 11w, https:\/\/jaureguiandco.com\/wp-content\/uploads\/2025\/11\/Untitled-design-17-100x100.png 100w\" sizes=\"auto, (max-width: 300px) 100vw, 300px\" title=\"Jauregui and Co.\"><h2 class=\"woocommerce-loop-product__title\">Bolsa Tote de Lona<\/h2><div class=\"review-rating\"><div class=\"star-rating\"><span style=\"width:0%\" data-no-translation=\"\" data-trp-gettext=\"\">Valorado en <strong class=\"rating\">0<\/strong> de 5<\/span><\/div><\/div>\n\t<span class=\"price\"><span class=\"woocommerce-Price-amount amount\" aria-hidden=\"true\"><bdi><span class=\"woocommerce-Price-currencySymbol\">&#36;<\/span>20.00<\/bdi><\/span> <span aria-hidden=\"true\">&ndash;<\/span> <span class=\"woocommerce-Price-amount amount\" aria-hidden=\"true\"><bdi><span class=\"woocommerce-Price-currencySymbol\">&#36;<\/span>25.00<\/bdi><\/span><span class=\"screen-reader-text\" data-no-translation=\"\" data-trp-gettext=\"\">Price range: &#36;20.00 through &#36;25.00<\/span><\/span>\n<\/a><a href=\"https:\/\/jaureguiandco.com\/es\/producto\/canvas-tote-bag\/\" aria-describedby=\"woocommerce_loop_add_to_cart_link_describedby_3028\" data-quantity=\"1\" class=\"button product_type_variable add_to_cart_button\" data-product_id=\"3028\" data-product_sku=\"\" aria-label=\"Elige las opciones para \u201cCanvas Tote Bag\u201d\" rel=\"nofollow\" data-no-translation=\"\" data-trp-gettext=\"\" data-no-translation-aria-label=\"\">Seleccionar opciones<\/a>\t<span id=\"woocommerce_loop_add_to_cart_link_describedby_3028\" class=\"screen-reader-text\">\n\t\tEste producto tiene m\u00faltiples variantes. Las opciones se pueden elegir en la p\u00e1gina de producto\t<\/span>\n<\/li>\n<li class=\"desktop-align-center tablet-align-center mobile-align-center product type-product post-3026 status-publish instock product_cat-customized has-post-thumbnail shipping-taxable purchasable product-type-variable has-default-attributes\">\n\t<a href=\"https:\/\/jaureguiandco.com\/es\/producto\/printed-hoodie\/\" class=\"woocommerce-LoopProduct-link woocommerce-loop-product__link\"><img loading=\"lazy\" decoding=\"async\" width=\"300\" height=\"300\" src=\"https:\/\/jaureguiandco.com\/wp-content\/uploads\/2025\/11\/Untitled-design-16-300x300.png\" class=\"attachment-woocommerce_thumbnail size-woocommerce_thumbnail\" alt=\"printed hoodie\" srcset=\"https:\/\/jaureguiandco.com\/wp-content\/uploads\/2025\/11\/Untitled-design-16-300x300.png 300w, https:\/\/jaureguiandco.com\/wp-content\/uploads\/2025\/11\/Untitled-design-16-150x150.png 150w, https:\/\/jaureguiandco.com\/wp-content\/uploads\/2025\/11\/Untitled-design-16-11x12.png 11w, https:\/\/jaureguiandco.com\/wp-content\/uploads\/2025\/11\/Untitled-design-16-100x100.png 100w\" sizes=\"auto, (max-width: 300px) 100vw, 300px\" title=\"Jauregui and Co.\"><h2 class=\"woocommerce-loop-product__title\">Sudadera Impresa<\/h2><div class=\"review-rating\"><div class=\"star-rating\"><span style=\"width:0%\" data-no-translation=\"\" data-trp-gettext=\"\">Valorado en <strong class=\"rating\">0<\/strong> de 5<\/span><\/div><\/div>\n\t<span class=\"price\"><span class=\"woocommerce-Price-amount amount\" aria-hidden=\"true\"><bdi><span class=\"woocommerce-Price-currencySymbol\">&#36;<\/span>40.00<\/bdi><\/span> <span aria-hidden=\"true\">&ndash;<\/span> <span class=\"woocommerce-Price-amount amount\" aria-hidden=\"true\"><bdi><span class=\"woocommerce-Price-currencySymbol\">&#36;<\/span>50.00<\/bdi><\/span><span class=\"screen-reader-text\" data-no-translation=\"\" data-trp-gettext=\"\">Price range: &#36;40.00 through &#36;50.00<\/span><\/span>\n<\/a><a href=\"https:\/\/jaureguiandco.com\/es\/producto\/printed-hoodie\/\" aria-describedby=\"woocommerce_loop_add_to_cart_link_describedby_3026\" data-quantity=\"1\" class=\"button product_type_variable add_to_cart_button\" data-product_id=\"3026\" data-product_sku=\"\" aria-label=\"Elige las opciones para \u201cPrinted Hoodie\u201d\" rel=\"nofollow\" data-no-translation=\"\" data-trp-gettext=\"\" data-no-translation-aria-label=\"\">Seleccionar opciones<\/a>\t<span id=\"woocommerce_loop_add_to_cart_link_describedby_3026\" class=\"screen-reader-text\">\n\t\tEste producto tiene m\u00faltiples variantes. Las opciones se pueden elegir en la p\u00e1gina de producto\t<\/span>\n<\/li>\n<li class=\"desktop-align-center tablet-align-center mobile-align-center product type-product post-2941 status-publish instock product_cat-customized product_cat-tshirts has-post-thumbnail shipping-taxable purchasable product-type-variable\">\n\t<a href=\"https:\/\/jaureguiandco.com\/es\/producto\/printed-t-shirt\/\" class=\"woocommerce-LoopProduct-link woocommerce-loop-product__link\"><img loading=\"lazy\" decoding=\"async\" width=\"300\" height=\"300\" src=\"https:\/\/jaureguiandco.com\/wp-content\/uploads\/2025\/11\/Untitled-design-14-300x300.png\" class=\"attachment-woocommerce_thumbnail size-woocommerce_thumbnail\" alt=\"printed t shirt\" srcset=\"https:\/\/jaureguiandco.com\/wp-content\/uploads\/2025\/11\/Untitled-design-14-300x300.png 300w, https:\/\/jaureguiandco.com\/wp-content\/uploads\/2025\/11\/Untitled-design-14-150x150.png 150w, https:\/\/jaureguiandco.com\/wp-content\/uploads\/2025\/11\/Untitled-design-14-100x100.png 100w\" sizes=\"auto, (max-width: 300px) 100vw, 300px\" title=\"Jauregui and Co.\"><h2 class=\"woocommerce-loop-product__title\">Camiseta Impresa<\/h2><div class=\"review-rating\"><div class=\"star-rating\"><span style=\"width:0%\" data-no-translation=\"\" data-trp-gettext=\"\">Valorado en <strong class=\"rating\">0<\/strong> de 5<\/span><\/div><\/div>\n\t<span class=\"price\"><span class=\"woocommerce-Price-amount amount\" aria-hidden=\"true\"><bdi><span class=\"woocommerce-Price-currencySymbol\">&#36;<\/span>25.00<\/bdi><\/span> <span aria-hidden=\"true\">&ndash;<\/span> <span class=\"woocommerce-Price-amount amount\" aria-hidden=\"true\"><bdi><span class=\"woocommerce-Price-currencySymbol\">&#36;<\/span>35.00<\/bdi><\/span><span class=\"screen-reader-text\" data-no-translation=\"\" data-trp-gettext=\"\">Price range: &#36;25.00 through &#36;35.00<\/span><\/span>\n<\/a><a href=\"https:\/\/jaureguiandco.com\/es\/producto\/printed-t-shirt\/\" aria-describedby=\"woocommerce_loop_add_to_cart_link_describedby_2941\" data-quantity=\"1\" class=\"button product_type_variable add_to_cart_button\" data-product_id=\"2941\" data-product_sku=\"\" aria-label=\"Elige las opciones para \u201cPrinted T Shirt\u201d\" rel=\"nofollow\" data-no-translation=\"\" data-trp-gettext=\"\" data-no-translation-aria-label=\"\">Seleccionar opciones<\/a>\t<span id=\"woocommerce_loop_add_to_cart_link_describedby_2941\" class=\"screen-reader-text\">\n\t\tEste producto tiene m\u00faltiples variantes. Las opciones se pueden elegir en la p\u00e1gina de producto\t<\/span>\n<\/li>\n<\/ul>\n<\/div>\n<\/div><\/div>\n\n\n\n<div class=\"wp-block-uagb-container uagb-block-1bc04e8a alignfull uagb-is-root-container\">\n<div class=\"wp-block-uagb-image uagb-block-de9386eb wp-block-uagb-image--layout-default wp-block-uagb-image--effect-static wp-block-uagb-image--align-none\"><figure class=\"wp-block-uagb-image__figure\"><img decoding=\"async\" srcset=\"https:\/\/jaureguiandco.com\/wp-content\/uploads\/2022\/06\/graphic05-free-img.png \" sizes=\"auto, (max-width: 480px) 150px\" src=\"https:\/\/jaureguiandco.com\/wp-content\/uploads\/2022\/06\/graphic05-free-img.png\" alt=\"Graphic05 Free Img\" class=\"uag-image-2571\" width=\"1929\" height=\"79\" title=\"Jauregui and Co.\" loading=\"lazy\" role=\"img\"><\/figure><\/div>\n<\/div>\n\n\n\n<div class=\"wp-block-uagb-container uagb-block-e4916f1c alignfull uagb-is-root-container\"><div class=\"uagb-container-inner-blocks-wrap\">\n<div class=\"wp-block-uagb-advanced-heading uagb-block-0ff44f3b\"><h2 class=\"uagb-heading-text\">\u00a1Nuestros Clientes Felices!<\/h2><div class=\"uagb-separator\"><\/div><\/div>\n\n\n\n<div class=\"wp-block-uagb-container uagb-block-673f6834\">\n<div class=\"wp-block-uagb-testimonial uagb-slick-carousel uagb-tm__arrow-outside uagb-block-86103c78\"><div class=\"is-carousel uagb-tm__columns-1 uagb-tm__items\"><div class=\"uagb-testimonial__wrap  uagb-tm__imgicon-style-square uagb-tm__image-position-top uagb-tm__bg-type-none\"><div class=\"uagb-tm__content\"><div class=\"uagb-tm__overlay\"><\/div><div class=\"uagb-tm__image-content\"><div class=\"uagb-tm__image\"><img decoding=\"async\" class=\"uagb-tm-img-src\" src=\"https:\/\/jaureguiandco.com\/wp-content\/uploads\/2025\/11\/571728239_10161612124357301_1998345024113204193_n-e1762646584935-300x255.jpg\" alt=\"571728239 10161612124357301 1998345024113204193 n\" width=\"286\" height=\"243\" loading=\"lazy\" title=\"Jauregui and Co.\"><\/div><\/div><div class=\"uagb-tm__text-wrap\"><div class=\"uagb-tm__desc\"><br>\u00a1Me encantan, me encantan, me encantan nuestras camisetas de \u2018Jes\u00fas es Dino-Mite\u2019! A\u00fan m\u00e1s incre\u00edble fue que ped\u00ed algo de \u00faltimo minuto para nuestro Festival de Oto\u00f1o y el resultado y el servicio fueron de primera. \u00a1Altamente recomendado!<\/div><div class=\"uagb-tm__meta-inner\"><div class=\"uagb-testimonial-details\"><span class=\"uagb-tm__author-name\">Melanie Witt<\/span><span class=\"uagb-tm__company\">Entusiasta Feliz de los Dinosaurios <\/span><\/div><\/div><\/div><\/div><\/div><div class=\"uagb-testimonial__wrap  uagb-tm__imgicon-style-square uagb-tm__image-position-top uagb-tm__bg-type-none\"><div class=\"uagb-tm__content\"><div class=\"uagb-tm__overlay\"><\/div><div class=\"uagb-tm__image-content\"><div class=\"uagb-tm__image\"><img decoding=\"async\" class=\"uagb-tm-img-src\" src=\"https:\/\/jaureguiandco.com\/wp-content\/uploads\/2025\/11\/557816136_776498011876770_4966718538918729288_n-e1762646797426-300x263.jpg\" alt=\"557816136 776498011876770 4966718538918729288 n\" width=\"286\" height=\"243\" loading=\"lazy\" title=\"Jauregui and Co.\"><\/div><\/div><div class=\"uagb-tm__text-wrap\"><div class=\"uagb-tm__desc\"><br>Tuve una experiencia maravillosa al ordenar sudaderas para el equipo de s\u00f3ftbol de mi esposo. Ella respondi\u00f3 r\u00e1pido, fue muy \u00fatil en el proceso de dise\u00f1o e hizo que todo fuera muy f\u00e1cil. Su comunicaci\u00f3n fue clara, amigable y profesional de principio a fin. El tiempo de entrega fue sorprendentemente r\u00e1pido, y las sudaderas quedaron incluso mejor de lo que imagin\u00e9. \u00a1Recomiendo mucho apoyar su trabajo, no se arrepentir\u00e1n!<\/div><div class=\"uagb-tm__meta-inner\"><div class=\"uagb-testimonial-details\"><span class=\"uagb-tm__author-name\">Gabby Stewart<\/span><span class=\"uagb-tm__company\">Amante Feliz del S\u00f3ftbol<\/span><\/div><\/div><\/div><\/div><\/div><div class=\"uagb-testimonial__wrap  uagb-tm__imgicon-style-square uagb-tm__image-position-top uagb-tm__bg-type-none\"><div class=\"uagb-tm__content\"><div class=\"uagb-tm__overlay\"><\/div><div class=\"uagb-tm__text-wrap\"><div class=\"uagb-tm__desc\">Trabajo de alta calidad, entrega r\u00e1pida y un servicio sumamente amable. 10\/10 recomiendo Jauregui &amp; Co.<\/div><div class=\"uagb-tm__meta-inner\"><div class=\"uagb-testimonial-details\"><span class=\"uagb-tm__author-name\">Alexander Martinez<\/span><span class=\"uagb-tm__company\">Cliente Feliz<\/span><\/div><\/div><\/div><\/div><\/div><\/div><\/div>\n<\/div>\n<\/div><\/div>\n\n\n\n<div class=\"wp-block-uagb-container uagb-block-3e1b7326 alignfull uagb-is-root-container\"><div class=\"uagb-container-inner-blocks-wrap\">\n<div class=\"wp-block-uagb-advanced-heading uagb-block-1276f818\"><h2 class=\"uagb-heading-text\">\u00bfSolicitud Personalizada? \u00a1H\u00e1znoslo saber!<\/h2><\/div>\n\n\n\n<iframe data-tally-src=\"https:\/\/tally.so\/embed\/5Bb2aQ?alignLeft=1&#038;hideTitle=1&#038;transparentBackground=1&#038;dynamicHeight=1\" loading=\"lazy\" width=\"100%\" height=\"276\" frameborder=\"0\" marginheight=\"0\" marginwidth=\"0\" title=\"Jauregui and Co Form\"><\/iframe>\n<script>var d=document,w=\"https:\/\/tally.so\/widgets\/embed.js\",v=function(){\"undefined\"!=typeof Tally?Tally.loadEmbeds():d.querySelectorAll(\"iframe[data-tally-src]:not([src])\").forEach((function(e){e.src=e.dataset.tallySrc}))};if(\"undefined\"!=typeof Tally)v();else if(d.querySelector('script[src=\"'+w+'\"]')==null){var s=d.createElement(\"script\");s.src=w,s.onload=v,s.onerror=v,d.body.appendChild(s);}<\/script>\n<\/div><\/div>\n\n\n\n<p><\/p>","protected":false},"excerpt":{"rendered":"<p>Custom Prints. Inspired by Faith. Most Loved Products Our Happy Clients! Custom Request? Let us know!<\/p>","protected":false},"author":1,"featured_media":0,"parent":0,"menu_order":0,"comment_status":"closed","ping_status":"closed","template":"","meta":{"_uag_custom_page_level_css":"","site-sidebar-layout":"no-sidebar","site-content-layout":"plain-container","ast-site-content-layout":"full-width-container","site-content-style":"unboxed","site-sidebar-style":"unboxed","ast-global-header-display":"","ast-banner-title-visibility":"","ast-main-header-display":"","ast-hfb-above-header-display":"","ast-hfb-below-header-display":"","ast-hfb-mobile-header-display":"","site-post-title":"disabled","ast-breadcrumbs-content":"","ast-featured-img":"disabled","footer-sml-layout":"","theme-transparent-header-meta":"enabled","adv-header-id-meta":"","stick-header-meta":"","header-above-stick-meta":"","header-main-stick-meta":"","header-below-stick-meta":"","astra-migrate-meta-layouts":"set","ast-page-background-enabled":"default","ast-page-background-meta":{"desktop":{"background-color":"","background-image":"","background-repeat":"repeat","background-position":"center center","background-size":"auto","background-attachment":"scroll","background-type":"","background-media":"","overlay-type":"","overlay-color":"","overlay-opacity":"","overlay-gradient":""},"tablet":{"background-color":"","background-image":"","background-repeat":"repeat","background-position":"center center","background-size":"auto","background-attachment":"scroll","background-type":"","background-media":"","overlay-type":"","overlay-color":"","overlay-opacity":"","overlay-gradient":""},"mobile":{"background-color":"","background-image":"","background-repeat":"repeat","background-position":"center center","background-size":"auto","background-attachment":"scroll","background-type":"","background-media":"","overlay-type":"","overlay-color":"","overlay-opacity":"","overlay-gradient":""}},"ast-content-background-meta":{"desktop":{"background-color":"var(--ast-global-color-5)","background-image":"","background-repeat":"repeat","background-position":"center center","background-size":"auto","background-attachment":"scroll","background-type":"","background-media":"","overlay-type":"","overlay-color":"","overlay-opacity":"","overlay-gradient":""},"tablet":{"background-color":"var(--ast-global-color-5)","background-image":"","background-repeat":"repeat","background-position":"center center","background-size":"auto","background-attachment":"scroll","background-type":"","background-media":"","overlay-type":"","overlay-color":"","overlay-opacity":"","overlay-gradient":""},"mobile":{"background-color":"var(--ast-global-color-5)","background-image":"","background-repeat":"repeat","background-position":"center center","background-size":"auto","background-attachment":"scroll","background-type":"","background-media":"","overlay-type":"","overlay-color":"","overlay-opacity":"","overlay-gradient":""}},"footnotes":""},"class_list":["post-2089","page","type-page","status-publish","hentry"],"aioseo_notices":[],"_hostinger_reach_plugin_has_subscription_block":false,"_hostinger_reach_plugin_is_elementor":false,"uagb_featured_image_src":{"full":false,"thumbnail":false,"medium":false,"medium_large":false,"large":false,"1536x1536":false,"2048x2048":false,"trp-custom-language-flag":false,"woocommerce_thumbnail":false,"woocommerce_single":false,"woocommerce_gallery_thumbnail":false},"uagb_author_info":{"display_name":"clarence@thinkcreativesolutions.com","author_link":"https:\/\/jaureguiandco.com\/es\/author\/clarencethinkcreativesolutions-com\/"},"uagb_comment_info":0,"uagb_excerpt":"Custom Prints. Inspired by Faith. Most Loved Products Our Happy Clients! Custom Request? Let us know!","_links":{"self":[{"href":"https:\/\/jaureguiandco.com\/es\/wp-json\/wp\/v2\/pages\/2089","targetHints":{"allow":["GET"]}}],"collection":[{"href":"https:\/\/jaureguiandco.com\/es\/wp-json\/wp\/v2\/pages"}],"about":[{"href":"https:\/\/jaureguiandco.com\/es\/wp-json\/wp\/v2\/types\/page"}],"author":[{"embeddable":true,"href":"https:\/\/jaureguiandco.com\/es\/wp-json\/wp\/v2\/users\/1"}],"replies":[{"embeddable":true,"href":"https:\/\/jaureguiandco.com\/es\/wp-json\/wp\/v2\/comments?post=2089"}],"version-history":[{"count":25,"href":"https:\/\/jaureguiandco.com\/es\/wp-json\/wp\/v2\/pages\/2089\/revisions"}],"predecessor-version":[{"id":4155,"href":"https:\/\/jaureguiandco.com\/es\/wp-json\/wp\/v2\/pages\/2089\/revisions\/4155"}],"wp:attachment":[{"href":"https:\/\/jaureguiandco.com\/es\/wp-json\/wp\/v2\/media?parent=2089"}],"curies":[{"name":"wp","href":"https:\/\/api.w.org\/{rel}","templated":true}]}}